{"id":146,"date":"2023-03-27T18:18:45","date_gmt":"2023-03-27T16:18:45","guid":{"rendered":"https:\/\/drcarolinevitali.fr\/?page_id=146"},"modified":"2023-05-10T23:14:24","modified_gmt":"2023-05-10T21:14:24","slug":"home","status":"publish","type":"page","link":"https:\/\/drcarolinevitali.fr\/","title":{"rendered":"Home"},"content":{"rendered":"\n<main class=\"wp-block-group alignfull is-style-default has-global-padding is-content-justification-center is-layout-constrained wp-block-group-is-layout-constrained\">\n<div class=\"wp-block-columns alignwide are-vertically-aligned-center lemmony-mobile-center is-layout-flex wp-container-core-columns-is-layout-1d6cf443 wp-block-columns-is-layout-flex\" style=\"border-style:none;border-width:0px;border-radius:0px;padding-top:var(--wp--preset--spacing--70);padding-right:0;padding-bottom:96px;padding-left:0\">\n<div class=\"wp-block-column is-vertically-aligned-center is-layout-flow wp-container-core-column-is-layout-69fcd244 wp-block-column-is-layout-flow\" style=\"padding-top:0;padding-right:0;padding-bottom:0;padding-left:0;flex-basis:500px\">\n<h1 class=\"wp-block-heading has-medium-plus-font-size lemmony-animation\" style=\"line-height:1.2;--lemmony-animation-name:lemmonyFadeInUp\">pratique exclusive de <\/h1>\n\n\n\n<div style=\"line-height:1.2;--lemmony-animation-name:lemmonyFadeInUp;animation-delay:var(--lemmony-delay-small)\" class=\"wp-block-lemmony-companion-typing-text has-primary-color has-text-color has-medium-plus-font-size lemmony-animation\"><div class=\"lemmony-typing-wrapper\"><span class=\"lemmony-typing-prefix\"><\/span><span class=\"lemmony-typing-data hidden\" style=\"text-decoration:\"><span class=\"lemmony-typing-item\">l\u2019orthodontie invisible <\/span><\/span><span class=\"lemmony-typing-action\" style=\"text-decoration:\"><\/span><span class=\"lemmony-typing-suffix\"><\/span><\/div><\/div>\n\n\n\n<p>par aligneurs <\/p>\n\n\n\n<p>_<\/p>\n\n\n\n<p>116, rue d\u2019endoume, 13007 Marseille<\/p>\n<\/div>\n\n\n\n<div class=\"wp-block-column is-vertically-aligned-center is-layout-flow wp-block-column-is-layout-flow\">\n<div class=\"wp-block-columns is-layout-flex wp-container-core-columns-is-layout-d7d455e7 wp-block-columns-is-layout-flex\" style=\"padding-top:0;padding-right:0;padding-bottom:0;padding-left:0\">\n<div class=\"wp-block-column ek-linked-block lemmony-animation is-layout-flow wp-container-core-column-is-layout-40b34d5b wp-block-column-is-layout-flow\" style=\"padding-top:0;padding-right:0;padding-bottom:0;padding-left:0;--lemmony-animation-name:lemmonyFadeInUp;animation-delay:var(--lemmony-delay-small)\">\n<figure class=\"wp-block-image size-full is-resized\"><img loading=\"lazy\" decoding=\"async\" src=\"https:\/\/drcarolinevitali.fr\/wp-content\/uploads\/2023\/03\/PICTO_ENFANTS.png\" alt=\"\" class=\"wp-image-51\" width=\"94\" height=\"94\"\/><\/figure>\n\n\n\n<h3 class=\"wp-block-heading has-text-align-left has-primary-color has-text-color has-medium-font-size\" style=\"margin-top:var(--wp--preset--spacing--30);font-style:normal;font-weight:700;line-height:1.4\"><a href=\"https:\/\/drcarolinevitali.fr\/index.php\/traitements#traitement-enfants\" class=\"ek-link\">Enfants<\/a><\/h3>\n\n\n\n<p class=\"has-tiny-font-size\">-Orthodontie Interceptive (plaque d&rsquo;expansion palatine, mainteneurs d&rsquo;espace&#8230;)<\/p>\n\n\n\n<p class=\"has-tiny-font-size\"> -Orthodontie pr\u00e9ventive Fonctionnelle (goutti\u00e8res fonctionnelles, Froggy Mouth&#8230;)<\/p>\n\n\n\n<p class=\"has-tiny-font-size\">&#8211;<strong>Orthodontie invisible par aligneurs First<\/strong><\/p>\n\n\n\n<p><\/p>\n\n\n\n<div class=\"wp-block-group has-global-padding is-layout-constrained wp-block-group-is-layout-constrained\">\n<p class=\"has-text-align-center\"><em>soins associ\u00e9s <\/em>:<\/p>\n\n\n\n<p class=\"has-tiny-font-size\">&#8211;<em>Examen M&rsquo;T dents des 3 ans, 6ans, 9ans<\/em><\/p>\n\n\n\n<p class=\"has-tiny-font-size\">&#8211;<em>Pr\u00e9vention du risque carieux par :<\/em><\/p>\n\n\n\n<p class=\"has-tiny-font-size\">_<em>Motivation \u00e0 l\u2019hygi\u00e8ne bucco-dentaire<\/em><\/p>\n\n\n\n<p class=\"has-tiny-font-size\"><br>_<em>D\u00e9tartrage et nettoyage prophylactique <\/em><\/p>\n\n\n\n<p class=\"has-tiny-font-size\">_<em>Application de vernis fluor\u00e9 entre 6 et 9 ans, 2 fois par an        <\/em><\/p>\n\n\n\n<p class=\"has-tiny-font-size\">_S<em>cellement des sillons ou \u00ab\u00a0sealants\u00a0\u00bb des 1\u00e8res Molaires d\u00e9finitives<\/em><\/p>\n\n\n\n<p><\/p>\n<\/div>\n<a href=\"https:\/\/drcarolinevitali.fr\/index.php\/traitements#enfants\" class=\"editorskit-block-link\" rel=\"\"><\/a><\/div>\n\n\n\n<div class=\"wp-block-column ek-linked-block lemmony-animation is-layout-flow wp-container-core-column-is-layout-40b34d5b wp-block-column-is-layout-flow\" style=\"padding-top:0;padding-right:0;padding-bottom:0;padding-left:0;--lemmony-animation-name:lemmonyFadeInUp;animation-delay:var(--lemmony-delay-small)\">\n<figure class=\"wp-block-image size-full is-resized\"><img loading=\"lazy\" decoding=\"async\" src=\"https:\/\/drcarolinevitali.fr\/wp-content\/uploads\/2023\/03\/PICTO_ADOS.png\" alt=\"\" class=\"wp-image-53\" width=\"94\" height=\"94\"\/><\/figure>\n\n\n\n<h3 class=\"wp-block-heading has-text-align-left has-primary-color has-text-color has-medium-font-size\" style=\"margin-top:var(--wp--preset--spacing--30);font-style:normal;font-weight:700;line-height:1.4\"><a href=\"https:\/\/drcarolinevitali.fr\/index.php\/traitements#traitement-ados\" class=\"ek-link\">Ados<\/a><\/h3>\n\n\n\n<p>&#8211;<strong>Orthodontie invisible par aligneurs Teen exclusivement<\/strong> <\/p>\n\n\n\n<p><\/p>\n\n\n\n<p><\/p>\n\n\n\n<p class=\"has-text-align-center\">soins associ\u00e9s :<\/p>\n\n\n\n<p>-Examen M&rsquo;T dents des 12 ans, 15 ans<\/p>\n\n\n\n<p>-Pr\u00e9vention du risque carieux par :<\/p>\n\n\n\n<p>_Motivation \u00e0 l&rsquo;hygi\u00e8ne bucco-dentaire                      <\/p>\n\n\n\n<p>_D\u00e9tartrage et nettoyage prophylactique<\/p>\n\n\n\n<p>_Application de vernis fluor\u00e9<\/p>\n\n\n\n<p>_Scellement des sillons ou \u00ab\u00a0sealants\u00a0\u00bbdes premi\u00e8res et secondes molaires avant 14 ans<\/p>\n\n\n\n<p><\/p>\n<a href=\"https:\/\/drcarolinevitali.fr\/index.php\/traitements#ados\" class=\"editorskit-block-link\" rel=\"\"><\/a><\/div>\n\n\n\n<div class=\"wp-block-column ek-linked-block lemmony-animation is-layout-flow wp-container-core-column-is-layout-40b34d5b wp-block-column-is-layout-flow\" style=\"padding-top:0;padding-right:0;padding-bottom:0;padding-left:0;--lemmony-animation-name:lemmonyFadeInUp;animation-delay:var(--lemmony-delay-small)\">\n<figure class=\"wp-block-image size-full is-resized\"><img loading=\"lazy\" decoding=\"async\" src=\"https:\/\/drcarolinevitali.fr\/wp-content\/uploads\/2023\/03\/PICTO_ADULTES.png\" alt=\"\" class=\"wp-image-54\" width=\"94\" height=\"94\"\/><\/figure>\n\n\n\n<h3 class=\"wp-block-heading has-text-align-left has-primary-color has-text-color has-medium-font-size\" style=\"margin-top:var(--wp--preset--spacing--30);font-style:normal;font-weight:700;line-height:1.4\"><a href=\"https:\/\/drcarolinevitali.fr\/index.php\/traitements#traitement-adultes\">Adultes<\/a><\/h3>\n\n\n\n<p class=\"has-tiny-plus-font-size\">&#8211;<strong>Orthodontie invisible par aligneurs exclusivement<\/strong> <\/p>\n\n\n\n<p class=\"has-tiny-plus-font-size\">Soins associ\u00e9s :<\/p>\n\n\n\n<p class=\"has-tiny-plus-font-size\">-Examen M&rsquo;Tdents des 18 ans, 21 ans, 24 ans et femmes enceintes<\/p>\n\n\n\n<p class=\"has-tiny-plus-font-size\">-D\u00e9tartrage et nettoyage prophylactique<\/p>\n\n\n\n<p class=\"has-tiny-plus-font-size\">-Blanchiment dentaire<\/p>\n\n\n\n<p class=\"has-tiny-plus-font-size\">-Injection d\u2019acide&nbsp;hyaluronique<\/p>\n<a href=\"https:\/\/drcarolinevitali.fr\/index.php\/traitements#adultes\" class=\"editorskit-block-link\" rel=\"\"><\/a><\/div>\n<\/div>\n<\/div>\n<\/div>\n\n\n\n<div class=\"wp-block-cover alignfull is-light lemmony-parallax\" style=\"margin-top:0;margin-bottom:0;padding-top:13vw;padding-right:2rem;padding-bottom:15vw;padding-left:2rem\"><span aria-hidden=\"true\" class=\"wp-block-cover__background has-background-dim-0 has-background-dim\"><\/span><img loading=\"lazy\" decoding=\"async\" width=\"2560\" height=\"1707\" class=\"wp-block-cover__image-background wp-image-45\" alt=\"\" src=\"https:\/\/drcarolinevitali.fr\/wp-content\/uploads\/2023\/03\/enis-yavuz-VC5lS43bwJo-unsplash-scaled.jpg\" style=\"object-position:42% 63%\" data-object-fit=\"cover\" data-object-position=\"42% 63%\" srcset=\"https:\/\/drcarolinevitali.fr\/wp-content\/uploads\/2023\/03\/enis-yavuz-VC5lS43bwJo-unsplash-scaled.jpg 2560w, https:\/\/drcarolinevitali.fr\/wp-content\/uploads\/2023\/03\/enis-yavuz-VC5lS43bwJo-unsplash-300x200.jpg 300w, https:\/\/drcarolinevitali.fr\/wp-content\/uploads\/2023\/03\/enis-yavuz-VC5lS43bwJo-unsplash-1024x683.jpg 1024w, https:\/\/drcarolinevitali.fr\/wp-content\/uploads\/2023\/03\/enis-yavuz-VC5lS43bwJo-unsplash-768x512.jpg 768w, https:\/\/drcarolinevitali.fr\/wp-content\/uploads\/2023\/03\/enis-yavuz-VC5lS43bwJo-unsplash-1536x1024.jpg 1536w, https:\/\/drcarolinevitali.fr\/wp-content\/uploads\/2023\/03\/enis-yavuz-VC5lS43bwJo-unsplash-2048x1365.jpg 2048w\" sizes=\"auto, (max-width: 2560px) 100vw, 2560px\" \/><div class=\"wp-block-cover__inner-container is-layout-flow wp-block-cover-is-layout-flow\">\n<div class=\"wp-block-columns are-vertically-aligned-center is-layout-flex wp-container-core-columns-is-layout-f0342b05 wp-block-columns-is-layout-flex\" style=\"margin-top:0;margin-bottom:0\">\n<div class=\"wp-block-column is-vertically-aligned-center is-layout-flow wp-block-column-is-layout-flow\"><\/div>\n\n\n\n<div class=\"wp-block-column is-vertically-aligned-center is-layout-flow wp-block-column-is-layout-flow\"><\/div>\n\n\n\n<div class=\"wp-block-column is-vertically-aligned-center is-layout-flow wp-block-column-is-layout-flow\" style=\"flex-basis:500px\">\n<div class=\"wp-block-group has-white-background-color has-background has-global-padding is-layout-constrained wp-container-core-group-is-layout-9df874c6 wp-block-group-is-layout-constrained\" style=\"border-radius:25px;padding-top:64px;padding-right:var(--wp--preset--spacing--50);padding-bottom:64px;padding-left:var(--wp--preset--spacing--50)\">\n<h5 class=\"wp-block-heading has-text-align-center has-small-font-size\" style=\"font-style:normal;font-weight:600;line-height:1.6\">Qu&rsquo;est ce que<\/h5>\n\n\n\n<h2 class=\"wp-block-heading has-text-align-center has-heading-color has-text-color has-medium-plus-font-size\" style=\"margin-top:var(--wp--preset--spacing--10);margin-right:0;margin-bottom:var(--wp--preset--spacing--20);line-height:1.4\">L\u2019ORTHODONTIE INVISIBLE ?<\/h2>\n\n\n\n<p class=\"has-text-align-left has-paragraph-color has-text-color has-small-font-size\">Les aligneurs invisibles sont des goutti\u00e8res thermoform\u00e9es. <br>Ce soin orthodontique consiste \u00e0 porter successivement une s\u00e9rie de goutti\u00e8res transparentes en silicone, fabriqu\u00e9es sur mesure \u00e0 partir des empreintes dentaires du patient. <\/p>\n\n\n\n<div class=\"wp-block-buttons is-content-justification-center is-layout-flex wp-container-core-buttons-is-layout-660f9ef0 wp-block-buttons-is-layout-flex\" style=\"margin-top:40px\">\n<div class=\"wp-block-button has-custom-font-size has-tiny-plus-font-size\" style=\"font-style:normal;font-weight:700\"><a class=\"wp-block-button__link wp-element-button\" href=\"https:\/\/www.doctolib.fr\/dentiste\/marseille\/caroline-vitali\/booking\/motives?pid=practice-292001&amp;placeId=practice-406820&amp;specialityId=1&amp;telehealth=false\" target=\"_blank\" rel=\"noreferrer noopener\">Prendre rendez-vous <\/a><\/div>\n<\/div>\n<\/div>\n<\/div>\n\n\n\n<div class=\"wp-block-column is-vertically-aligned-center is-layout-flow wp-block-column-is-layout-flow\" style=\"flex-basis:3%\"><\/div>\n<\/div>\n<\/div><\/div>\n\n\n\n<div class=\"wp-block-columns alignwide are-vertically-aligned-top is-layout-flex wp-container-core-columns-is-layout-2ea834d0 wp-block-columns-is-layout-flex\" style=\"margin-top:0;margin-bottom:0;padding-top:var(--wp--preset--spacing--60);padding-bottom:var(--wp--preset--spacing--70)\">\n<div class=\"wp-block-column is-vertically-aligned-top is-layout-flow wp-block-column-is-layout-flow\" style=\"padding-top:0;padding-right:0;padding-bottom:0;padding-left:0;flex-basis:50%\">\n<div class=\"wp-block-cover is-light has-custom-content-position is-position-bottom-center lemmony-aspect-square\" style=\"padding-top:240px;padding-right:var(--wp--preset--spacing--60);padding-bottom:var(--wp--preset--spacing--60);padding-left:var(--wp--preset--spacing--60)\"><span aria-hidden=\"true\" class=\"wp-block-cover__background has-background-dim-0 has-background-dim\"><\/span><div class=\"wp-block-cover__inner-container is-layout-flow wp-block-cover-is-layout-flow\">\n<p class=\"has-text-align-center has-medium-font-size\"><\/p>\n\n\n\n<figure class=\"wp-block-image size-full is-style-default\"><img loading=\"lazy\" decoding=\"async\" width=\"681\" height=\"778\" src=\"https:\/\/drcarolinevitali.fr\/wp-content\/uploads\/2023\/03\/DRVITALI.jpg\" alt=\"\" class=\"wp-image-121\" srcset=\"https:\/\/drcarolinevitali.fr\/wp-content\/uploads\/2023\/03\/DRVITALI.jpg 681w, https:\/\/drcarolinevitali.fr\/wp-content\/uploads\/2023\/03\/DRVITALI-263x300.jpg 263w\" sizes=\"auto, (max-width: 681px) 100vw, 681px\" \/><\/figure>\n<\/div><\/div>\n<\/div>\n\n\n\n<div class=\"wp-block-column is-vertically-aligned-top is-layout-flow wp-container-core-column-is-layout-9eec257f wp-block-column-is-layout-flow\" style=\"padding-top:0;padding-right:0;padding-bottom:0;padding-left:0;flex-basis:3%\"><\/div>\n\n\n\n<div class=\"wp-block-column is-vertically-aligned-top is-layout-flow wp-block-column-is-layout-flow\">\n<div class=\"wp-block-columns is-layout-flex wp-container-core-columns-is-layout-28f84493 wp-block-columns-is-layout-flex\">\n<div class=\"wp-block-column is-layout-flow wp-container-core-column-is-layout-119bc444 wp-block-column-is-layout-flow\">\n<h5 class=\"wp-block-heading has-small-font-size lemmony-animation\" style=\"margin-top:0;margin-right:0;margin-bottom:0;margin-left:0;font-style:normal;font-weight:600;line-height:1.6;--lemmony-animation-name:lemmonyFadeInUp\">_<\/h5>\n\n\n\n<h2 class=\"wp-block-heading has-primary-color has-text-color has-large-plus-font-size lemmony-animation\" style=\"margin-top:0;line-height:1.3;--lemmony-animation-name:lemmonyFadeInUp;animation-delay:var(--lemmony-delay-small)\">Dr Caroline Vitali<\/h2>\n\n\n\n<div class=\"wp-block-group has-global-padding is-layout-constrained wp-container-core-group-is-layout-e0082cf6 wp-block-group-is-layout-constrained\">\n<div class=\"wp-block-columns are-vertically-aligned-center is-not-stacked-on-mobile is-layout-flex wp-container-core-columns-is-layout-28232c24 wp-block-columns-is-layout-flex\">\n<div class=\"wp-block-column is-layout-flow wp-block-column-is-layout-flow\">\n<p class=\"lemmony-animation\" style=\"--lemmony-animation-name:lemmonyFadeInUp;animation-delay:var(--lemmony-delay-small)\">En plein c\u0153ur du quartier d\u2019Endoume dans le 7\u00e8me arrondissement de Marseille, le Dr Caroline Vitali vous accueille dans son cabinet dentaire orient\u00e9 sur l\u2019esth\u00e9tique o\u00f9 elle pratique exclusivement l\u2019orthodontie invisible par aligneurs transparents pour enfants, adolescents et adultes.<\/p>\n\n\n\n<p class=\"lemmony-animation\" style=\"--lemmony-animation-name:lemmonyFadeInUp;animation-delay:var(--lemmony-delay-small)\">Comme un sourire parfait ne se limite pas juste \u00e0 l\u2019alignement de vos dents, nous vous proposons \u00e9galement une prise en charge plus globale et r\u00e9pondons \u00e0 tous vos besoins avec des soins associ\u00e9s qu\u2019ils soient pr\u00e9ventifs, fonctionnels&nbsp;ou&nbsp;esth\u00e9tiques.<\/p>\n<\/div>\n<\/div>\n<\/div>\n<\/div>\n<\/div>\n<\/div>\n<\/div>\n<\/main>\n","protected":false},"excerpt":{"rendered":"<p>pratique exclusive de par aligneurs _ 116, rue d\u2019endoume, 13007 Marseille Enfants -Orthodontie Interceptive (plaque d&rsquo;expansion palatine, mainteneurs d&rsquo;espace&#8230;) -Orthodontie pr\u00e9ventive Fonctionnelle (goutti\u00e8res fonctionnelles, Froggy Mouth&#8230;) &#8211;Orthodontie invisible par aligneurs First soins associ\u00e9s : &#8211;Examen M&rsquo;T dents des 3 ans, 6ans, 9ans &#8211;Pr\u00e9vention du risque carieux par : _Motivation \u00e0 l\u2019hygi\u00e8ne bucco-dentaire _D\u00e9tartrage et nettoyage [&hellip;]<\/p>\n","protected":false},"author":1,"featured_media":0,"parent":0,"menu_order":0,"comment_status":"closed","ping_status":"closed","template":"","meta":{"_editorskit_title_hidden":false,"_editorskit_reading_time":0,"_editorskit_is_block_options_detached":false,"_editorskit_block_options_position":"{}","footnotes":""},"class_list":["post-146","page","type-page","status-publish","hentry"],"_links":{"self":[{"href":"https:\/\/drcarolinevitali.fr\/index.php\/wp-json\/wp\/v2\/pages\/146","targetHints":{"allow":["GET"]}}],"collection":[{"href":"https:\/\/drcarolinevitali.fr\/index.php\/wp-json\/wp\/v2\/pages"}],"about":[{"href":"https:\/\/drcarolinevitali.fr\/index.php\/wp-json\/wp\/v2\/types\/page"}],"author":[{"embeddable":true,"href":"https:\/\/drcarolinevitali.fr\/index.php\/wp-json\/wp\/v2\/users\/1"}],"replies":[{"embeddable":true,"href":"https:\/\/drcarolinevitali.fr\/index.php\/wp-json\/wp\/v2\/comments?post=146"}],"version-history":[{"count":13,"href":"https:\/\/drcarolinevitali.fr\/index.php\/wp-json\/wp\/v2\/pages\/146\/revisions"}],"predecessor-version":[{"id":378,"href":"https:\/\/drcarolinevitali.fr\/index.php\/wp-json\/wp\/v2\/pages\/146\/revisions\/378"}],"wp:attachment":[{"href":"https:\/\/drcarolinevitali.fr\/index.php\/wp-json\/wp\/v2\/media?parent=146"}],"curies":[{"name":"wp","href":"https:\/\/api.w.org\/{rel}","templated":true}]}}